{"id":650,"date":"2020-12-16T18:12:30","date_gmt":"2020-12-16T17:12:30","guid":{"rendered":"https:\/\/fwbretzwil.ch\/?page_id=650"},"modified":"2021-01-11T23:55:34","modified_gmt":"2021-01-11T22:55:34","slug":"waschen","status":"publish","type":"page","link":"https:\/\/fwbretzwil.ch\/?page_id=650","title":{"rendered":"Waschen"},"content":{"rendered":"\n<p>Die Feuerwehr Bretzwil besitzt eine Industriewasch- und Trockenmaschine f\u00fcr Einsatzbekleidung. Dank einem grossen Trommelvolumen k\u00f6nnen 6 komplette Brandschutzkleidungen (Jacke, Hose, Handschuhe) gewaschen und wenn n\u00f6tig impr\u00e4gniert werden.<\/p>\n\n\n\n<p id=\"Preisliste\">Die Preise sind den Marktverh\u00e4ltnissen entsprechend angepasst. Die Serviceleistungen sind inklusive. Waschen, Impr\u00e4gnieren und Trocknen von 6 Garnituren ist in der Regel innert 4 Stunden gemacht und das Material ist am selben Tag wieder abholbereit. So k\u00f6nnen Umtriebe durch Ersatzkleidung usw. erspart werden. <\/p>\n\n\n\n<div class=\"wp-block-file\"><a href=\"https:\/\/fwbretzwil.ch\/wp-content\/uploads\/2020\/12\/FW-Bretzwil-Preisliste.pdf\">FW-Bretzwil-Preisliste<\/a><a href=\"https:\/\/fwbretzwil.ch\/wp-content\/uploads\/2020\/12\/FW-Bretzwil-Preisliste.pdf\" class=\"wp-block-file__button\" download>Herunterladen<\/a><\/div>\n\n\n\n<p>Umgesetzt in Zusammenarbeit mit <a href=\"https:\/\/www.hartmannhaushalt.ch\/\" data-type=\"URL\" data-id=\"https:\/\/www.hartmannhaushalt.ch\/\">Hartmann Haushalt<\/a><\/p>\n\n\n\n<figure class=\"wp-block-image size-large\"><img loading=\"lazy\" decoding=\"async\" width=\"2560\" height=\"1920\" src=\"https:\/\/fwbretzwil.ch\/wp-content\/uploads\/2020\/12\/20190502_155008-scaled.jpg\" alt=\"\" class=\"wp-image-653\" srcset=\"https:\/\/fwbretzwil.ch\/wp-content\/uploads\/2020\/12\/20190502_155008-scaled.jpg 2560w, https:\/\/fwbretzwil.ch\/wp-content\/uploads\/2020\/12\/20190502_155008-300x225.jpg 300w\" sizes=\"auto, (max-width: 2560px) 100vw, 2560px\" \/><figcaption>Waschmaschine Links und Trockner Rechts<\/figcaption><\/figure>\n","protected":false},"excerpt":{"rendered":"<p>Die Feuerwehr Bretzwil besitzt eine Industriewasch- und Trockenmaschine f\u00fcr Einsatzbekleidung. Dank einem grossen Trommelvolumen k\u00f6nnen 6 komplette Brandschutzkleidungen (Jacke, Hose, Handschuhe) gewaschen und wenn n\u00f6tig impr\u00e4gniert werden. Die Preise sind den Marktverh\u00e4ltnissen entsprechend angepasst. Die Serviceleistungen sind inklusive. Waschen, Impr\u00e4gnieren<\/p>\n","protected":false},"author":1,"featured_media":0,"parent":0,"menu_order":0,"comment_status":"closed","ping_status":"closed","template":"","meta":{"footnotes":""},"class_list":["post-650","page","type-page","status-publish","hentry"],"jetpack_sharing_enabled":true,"_links":{"self":[{"href":"https:\/\/fwbretzwil.ch\/index.php?rest_route=\/wp\/v2\/pages\/650","targetHints":{"allow":["GET"]}}],"collection":[{"href":"https:\/\/fwbretzwil.ch\/index.php?rest_route=\/wp\/v2\/pages"}],"about":[{"href":"https:\/\/fwbretzwil.ch\/index.php?rest_route=\/wp\/v2\/types\/page"}],"author":[{"embeddable":true,"href":"https:\/\/fwbretzwil.ch\/index.php?rest_route=\/wp\/v2\/users\/1"}],"replies":[{"embeddable":true,"href":"https:\/\/fwbretzwil.ch\/index.php?rest_route=%2Fwp%2Fv2%2Fcomments&post=650"}],"version-history":[{"count":6,"href":"https:\/\/fwbretzwil.ch\/index.php?rest_route=\/wp\/v2\/pages\/650\/revisions"}],"predecessor-version":[{"id":661,"href":"https:\/\/fwbretzwil.ch\/index.php?rest_route=\/wp\/v2\/pages\/650\/revisions\/661"}],"wp:attachment":[{"href":"https:\/\/fwbretzwil.ch\/index.php?rest_route=%2Fwp%2Fv2%2Fmedia&parent=650"}],"curies":[{"name":"wp","href":"https:\/\/api.w.org\/{rel}","templated":true}]}}